{"id":1598,"date":"2014-06-13T14:08:09","date_gmt":"2014-06-13T12:08:09","guid":{"rendered":"http:\/\/www.aulablog.com\/blog\/?page_id=1598"},"modified":"2014-06-13T14:08:09","modified_gmt":"2014-06-13T12:08:09","slug":"trabajo-colaborativo-y-evaluacion-en-wikis","status":"publish","type":"page","link":"https:\/\/www.aulablog.com\/blog\/ix-encuentro-aulablog14\/programa-aulablog14\/trabajo-colaborativo-y-evaluacion-en-wikis\/","title":{"rendered":"Trabajo colaborativo y evaluaci\u00f3n en wikis"},"content":{"rendered":"<p><strong>1. Nombres de los que vais a presentar la propuesta<\/strong>: Antonio Balderas Alberico y Juan Manuel Dodero Beardo<\/p>\n<p><strong>2. L\u00ednea tem\u00e1tica seleccionada para trabajar:<\/strong> Trabajo colaborativo y evaluaci\u00f3n.<\/p>\n<p><strong>3. Descripci\u00f3n breve de lo que quer\u00e9is hacer, es decir \u00bfqu\u00e9 vamos a aprender? \u00bfc\u00f3mo? :\u00ad)<\/strong><\/p>\n<p><strong>Fase 1: Edici\u00f3n colaborativa<\/strong><\/p>\n<p>Los participantes en el taller aprender\u00e1n a trabajar de manera colaborativa en la edici\u00f3n de diferentes trabajos en un wiki. Durante esta primera fase del taller ser\u00e1n guiados sobre c\u00f3mo trabajar en equipo en la edici\u00f3n de dichos art\u00edculos. Tambi\u00e9n aprender\u00e1n c\u00f3mo el docente es capaz de monitorizar su trabajo con el uso de diferentes herramientas para detectar desviaciones en su aprendizaje o problemas en el trabajo.<\/p>\n<p>Para ello los participantes se conectar\u00e1n a un wiki gestionado por los organizadores y colaborar\u00e1n en la edici\u00f3n de varios trabajos.<\/p>\n<p><strong>Fase 2: Evaluaci\u00f3n del trabajo en wiki<\/strong><\/p>\n<p>En esta segunda fase, los participantes en el taller aprender\u00e1n aspectos espec\u00edficos de evaluaci\u00f3n del trabajo de los participantes en un wiki. Para ello se realizar\u00e1 un an\u00e1lisis de<\/p>\n<p>diversos wikis de ejemplo. Utilizar\u00e1n diferentes herramientas que ser\u00e1n presentadas en el taller y que les servir\u00e1n para obtener diferentes indicadores objetivos del desempe\u00f1o de sus estudiantes que pueden ser utilizados como medida de diferentes competencias.<\/p>\n<p><strong>4. N\u00famero m\u00e1ximo de participantes:<\/strong> 25<\/p>\n<p><strong>5. \u00a0\u00bfPor qu\u00e9 es interesante vuestra propuesta?<\/strong><\/p>\n<p>El uso de wikis en docencia para la realizaci\u00f3n de trabajos colaborativos por los alumnos est\u00e1 cada vez m\u00e1s extendido. Alguna de las ventajas que presentan los wikis con<\/p>\n<p>respecto a los trabajos presentados de manera tradicional son la capacidad de colaboraci\u00f3n as\u00edncrona y distribuida o la monitorizaci\u00f3n por parte del profesor.<\/p>\n<p>Sin embargo, hacer una evaluaci\u00f3n minuciosa del trabajo de cada alumno resulta dif\u00edcil dada la gran cantidad de informaci\u00f3n a procesar (pues se guarda la hora de cada edici\u00f3n, su autor, la p\u00e1gina donde ha contribuido, etc) . En este taller presentamos diferentes herramientas inform\u00e1ticas (todas ellas libras) para evaluar el trabajo de los estudiantes en un wiki.<\/p>\n<p style=\"padding-left: 30px;\">\u25cf EvalCourse<\/p>\n<p>Programa que procesa instrucciones descritas en un DSL para la obtenci\u00f3n de indicadores de Moodle.<\/p>\n<p>https:\/\/www.assembla.com\/spaces\/evalcourse\/wiki<\/p>\n<p style=\"padding-left: 30px;\">\u25cf StatMediaWiki<\/p>\n<p>Herramienta que recopila informaci\u00f3n de una instalaci\u00f3n MediaWiki y la resume en tablas y gr\u00e1ficos que permitan analizar su desarrollo y estado.<\/p>\n<p>http:\/\/statmediawiki.forja.rediris.es\/<\/p>\n<p>&nbsp;<\/p>\n","protected":false},"excerpt":{"rendered":"<p>1. Nombres de los que vais a presentar la propuesta: Antonio Balderas Alberico y Juan Manuel Dodero Beardo 2. L\u00ednea tem\u00e1tica seleccionada para trabajar: Trabajo colaborativo y evaluaci\u00f3n. 3. Descripci\u00f3n breve de lo que quer\u00e9is hacer, es decir \u00bfqu\u00e9 vamos a aprender? \u00bfc\u00f3mo? :\u00ad) Fase 1: Edici\u00f3n colaborativa Los participantes en el taller aprender\u00e1n a [&hellip;]<\/p>\n","protected":false},"author":5,"featured_media":0,"parent":1533,"menu_order":0,"comment_status":"open","ping_status":"open","template":"","meta":{"_et_pb_use_builder":"","_et_pb_old_content":"","_et_gb_content_width":"","footnotes":""},"class_list":["post-1598","page","type-page","status-publish","hentry"],"_links":{"self":[{"href":"https:\/\/www.aulablog.com\/blog\/wp-json\/wp\/v2\/pages\/1598","targetHints":{"allow":["GET"]}}],"collection":[{"href":"https:\/\/www.aulablog.com\/blog\/wp-json\/wp\/v2\/pages"}],"about":[{"href":"https:\/\/www.aulablog.com\/blog\/wp-json\/wp\/v2\/types\/page"}],"author":[{"embeddable":true,"href":"https:\/\/www.aulablog.com\/blog\/wp-json\/wp\/v2\/users\/5"}],"replies":[{"embeddable":true,"href":"https:\/\/www.aulablog.com\/blog\/wp-json\/wp\/v2\/comments?post=1598"}],"version-history":[{"count":1,"href":"https:\/\/www.aulablog.com\/blog\/wp-json\/wp\/v2\/pages\/1598\/revisions"}],"predecessor-version":[{"id":1599,"href":"https:\/\/www.aulablog.com\/blog\/wp-json\/wp\/v2\/pages\/1598\/revisions\/1599"}],"up":[{"embeddable":true,"href":"https:\/\/www.aulablog.com\/blog\/wp-json\/wp\/v2\/pages\/1533"}],"wp:attachment":[{"href":"https:\/\/www.aulablog.com\/blog\/wp-json\/wp\/v2\/media?parent=1598"}],"curies":[{"name":"wp","href":"https:\/\/api.w.org\/{rel}","templated":true}]}}