{"id":1600,"date":"2014-06-13T19:01:55","date_gmt":"2014-06-13T17:01:55","guid":{"rendered":"http:\/\/www.aulablog.com\/blog\/?page_id=1600"},"modified":"2014-06-13T19:01:55","modified_gmt":"2014-06-13T17:01:55","slug":"taller-de-app-inventor","status":"publish","type":"page","link":"https:\/\/www.aulablog.com\/blog\/ix-encuentro-aulablog14\/programa-aulablog14\/taller-de-app-inventor\/","title":{"rendered":"Taller de App Inventor"},"content":{"rendered":"<p>1. <strong>Nombres de los que vais a presentar la propuesta<\/strong>: Jos\u00e9 Miguel Mota Mac\u00edas y Juan Manuel Dodero Beardo.<\/p>\n<p>2. <strong>L\u00ednea tem\u00e1tica seleccionada para trabajar<\/strong>: M\u00adLearning<\/p>\n<p>3. <strong>Descripci\u00f3n breve de lo que quer\u00e9is hacer, es decir \u00bfqu\u00e9 vamos a aprender? \u00bfc\u00f3mo? :\u00ad)<\/strong><\/p>\n<p>El taller intentar\u00e1 introducir a los participantes en la programaci\u00f3n de dispositivos m\u00f3viles, para lo que se basar\u00e1 en la herramienta Appinventor (http:\/\/appinventor.mit.edu\/explore\/). Esta herramienta pone a nuestra disposici\u00f3n un entorno parecido a Scrath (http:\/\/scratch.mit.edu\/), para el desarrollo de aplicaciones, por lo que primero se realizar\u00e1 una introducci\u00f3n b\u00e1sica a los conceptos programaci\u00f3n con esta herramienta para pasar luego a la herramienta Appinventor.<\/p>\n<p>Durante el taller se realizar\u00e1 el desarrollo de un aplicaci\u00f3n, de manera que los asistentes puedan conocer y poner en funcionamiento la mayor\u00eda de las posibilidades que esta herramienta pone a nuestra disposici\u00f3n.<\/p>\n<p>4. <strong>N\u00famero m\u00e1ximo de participantes<\/strong>: 25<\/p>\n<p>5. <strong>\u00bfPorqu\u00e9 es interesante vuestra propuesta?<\/strong><\/p>\n<p>Hoy en d\u00eda nuestros alumnos utilizan los m\u00f3viles para conectarse con otros, buscar informaci\u00f3n, compartir momentos, etc&#8230; pero son pocos los que saben que pueden desarrollar sus propias aplicaciones para los dispositivos Android de manera sencilla.<\/p>\n<p>Los dispositivos m\u00f3viles son todav\u00eda un tab\u00fa en la docencia, las posibilidades que nos ofrecen son amplias como ordenador de peque\u00f1as caracter\u00edsticas, c\u00e1mara fotogr\u00e1fica, grabadora de v\u00eddeo, dispositivo de almacenamiento o GPS por ejemplo. Dar la posibilidad a los alumnos de utilizar estos dispositivos para algo m\u00e1s, puede ser la base de un futuro pr\u00f3ximo en el que estos dispositivos ser\u00e1n utilizados como herramienta normal de uso en la docencia.<\/p>\n<p>&nbsp;<\/p>\n","protected":false},"excerpt":{"rendered":"<p>1. Nombres de los que vais a presentar la propuesta: Jos\u00e9 Miguel Mota Mac\u00edas y Juan Manuel Dodero Beardo. 2. L\u00ednea tem\u00e1tica seleccionada para trabajar: M\u00adLearning 3. Descripci\u00f3n breve de lo que quer\u00e9is hacer, es decir \u00bfqu\u00e9 vamos a aprender? \u00bfc\u00f3mo? :\u00ad) El taller intentar\u00e1 introducir a los participantes en la programaci\u00f3n de dispositivos m\u00f3viles, [&hellip;]<\/p>\n","protected":false},"author":5,"featured_media":0,"parent":1533,"menu_order":0,"comment_status":"open","ping_status":"open","template":"","meta":{"_et_pb_use_builder":"","_et_pb_old_content":"","_et_gb_content_width":"","footnotes":""},"class_list":["post-1600","page","type-page","status-publish","hentry"],"_links":{"self":[{"href":"https:\/\/www.aulablog.com\/blog\/wp-json\/wp\/v2\/pages\/1600","targetHints":{"allow":["GET"]}}],"collection":[{"href":"https:\/\/www.aulablog.com\/blog\/wp-json\/wp\/v2\/pages"}],"about":[{"href":"https:\/\/www.aulablog.com\/blog\/wp-json\/wp\/v2\/types\/page"}],"author":[{"embeddable":true,"href":"https:\/\/www.aulablog.com\/blog\/wp-json\/wp\/v2\/users\/5"}],"replies":[{"embeddable":true,"href":"https:\/\/www.aulablog.com\/blog\/wp-json\/wp\/v2\/comments?post=1600"}],"version-history":[{"count":1,"href":"https:\/\/www.aulablog.com\/blog\/wp-json\/wp\/v2\/pages\/1600\/revisions"}],"predecessor-version":[{"id":1602,"href":"https:\/\/www.aulablog.com\/blog\/wp-json\/wp\/v2\/pages\/1600\/revisions\/1602"}],"up":[{"embeddable":true,"href":"https:\/\/www.aulablog.com\/blog\/wp-json\/wp\/v2\/pages\/1533"}],"wp:attachment":[{"href":"https:\/\/www.aulablog.com\/blog\/wp-json\/wp\/v2\/media?parent=1600"}],"curies":[{"name":"wp","href":"https:\/\/api.w.org\/{rel}","templated":true}]}}