{"id":1603,"date":"2014-06-13T19:08:42","date_gmt":"2014-06-13T17:08:42","guid":{"rendered":"http:\/\/www.aulablog.com\/blog\/?page_id=1603"},"modified":"2014-06-13T19:08:42","modified_gmt":"2014-06-13T17:08:42","slug":"taller-de-repositorios-de-recursos-educativos-abiertos","status":"publish","type":"page","link":"https:\/\/www.aulablog.com\/blog\/ix-encuentro-aulablog14\/programa-aulablog14\/taller-de-repositorios-de-recursos-educativos-abiertos\/","title":{"rendered":"Taller de repositorios de recursos educativos abiertos"},"content":{"rendered":"<p>1. <strong>Nombres de los que vais a presentar la propuesta:\u00a0<\/strong>Jos\u00e9 Miguel Mota Mac\u00edas y Juan Manuel Dodero Beardo.<\/p>\n<p>2. <strong>L\u00ednea tem\u00e1tica seleccionada para trabajar<\/strong>:<\/p>\n<ul>\n<li>Trabajo colaborativo<\/li>\n<li>Evaluaci\u00f3n<\/li>\n<li>Orientaci\u00f3n<\/li>\n<\/ul>\n<p>3. <strong>Descripci\u00f3n breve de lo que quer\u00e9is hacer, es decir \u00bfqu\u00e9 vamos a aprender? \u00bfc\u00f3mo? :\u00ad)<\/strong><\/p>\n<ul>\n<li>\u00bfQue es el portal Open Discovery Space?<\/li>\n<\/ul>\n<p>El portal ODS forma parte del proyecto europeo Open Discovery Space. Su objetivo es servir como un acelerador de la puesta en com\u00fan, adopci\u00f3n y uso de la ya rica base existente contenidos educativos.<\/p>\n<p>Con este portal se pretende involucrar a las comunidades escolares en la ense\u00f1anza innovadoras y pr\u00e1cticas de aprendizaje a trav\u00e9s del uso eficaz de recursos en l\u00ednea. Promover la creaci\u00f3n de comunidades entre numerosas escuelas de Europa, d\u00e1ndoles la posibilidad de utilizar, compartir y explotar los recursos de diferentes repositorios educativos. El portal consta tambi\u00e9n de una plataforma social, orientada a la comunidad, donde los maestros, alumnos y padres de familia podr\u00e1n descubrir, adquirir, analizar y adaptar recursos digitales en sus temas de inter\u00e9s.<\/p>\n<ul>\n<li>\u00bfQue vamos a aprender?<\/li>\n<\/ul>\n<p>Una vez dado a conocer el proyecto ODS los asistentes se dar\u00e1n de alta en el mismo, y se ir\u00e1n probando cada una de las opciones del mismo.<\/p>\n<ul>\n<li>Creaci\u00f3n y personalizaci\u00f3n de nuestro perfil<\/li>\n<li>Comunidades educativas, creaci\u00f3n y conocer las ya existentes<\/li>\n<li>Conexiones con otros usuarios<\/li>\n<li>Foros de debate: Creaci\u00f3n y utilizaci\u00f3n de foros de debate<\/li>\n<li>Desplegar nuestro Blog personal<\/li>\n<li>Utilizaci\u00f3n de la Herramienta de Encuestas<\/li>\n<li>Como compartir un recurso educativo<\/li>\n<li>Como desplegar una unidad did\u00e1ctica<\/li>\n<li>Como contactar con los desarrolladores de los recursos educativossa<\/li>\n<li>y sobre todo aprender a consultar sus m\u00e1s de 600.000 recursos educativos, los cuales al final de proyecto se espera que superen los 1.500.000.<\/li>\n<\/ul>\n<p>4. <strong>N\u00famero m\u00e1ximo de participantes<\/strong>: 25<\/p>\n<p>5. <strong>\u00bfPorqu\u00e9 es interesante vuestra propuesta?<\/strong><\/p>\n<p>Cuando necesitamos un recurso educativo solemos utilizar los buscadores como Google, Bing,&#8230; una vez obtenida una lista, deberemos ir probando cada uno de ellos para ver cual es que mejor se adapta nuestra necesidades educativas. Generalmente esta lista solo contendr\u00e1 recursos en nuestra lengua debido a los problemas que las lenguas extranjeras muchas veces suponen. El portal ODS, esta indexando los recursos de repositorios educativos ya existentes estimando que al final del proceso habr\u00e1 m\u00e1s de 1.500.00 recursos. A su vez pone a nuestra disposici\u00f3n plantillas para la compartir nuestros recursos educativos, actividades de trabajo y escenarios de aprendizaje. Estos recursos est\u00e1n indexados por niveles educativos, idiomas, \u00e1reas tem\u00e1ticas, traducci\u00f3n autom\u00e1ticas de sus objetivos, etc. &#8230;. podremos tener por lo tanto un acceso m\u00e1s directo a los recursos educativos existentes.<\/p>\n<p>El portal ODS pone tambi\u00e9n a nuestra disposici\u00f3n una plataforma social, con herramientas para facilitar la comunicaci\u00f3n como foros, blogs, encuestas, sistema de b\u00fasquedas y toma de contacto con otros usuarios.<\/p>\n<p>Podemos decir que el portal ODS promueve el uso de los recursos educativos digitales entre profesores, padres y alumnos. Adem\u00e1s desde el proyecto Open Discovery Space se pretende alentar a las comunidades educativas de toda Europa a participar de manera conjunta en los diferentes proyectos europeos existentes, para romper de esta manera barreras ling\u00fc\u00edsticas y culturales. Algunos de estos proyectos son:<\/p>\n<ul>\n<li>Concurso Scratch ODS Espa\u00f1a. Tiene como fin crear una comunidad de desarrolladores y usuarios de Scratch, donde compartir y dar a conocer experiencias aplicadas con esta herramienta al resto de la comunidad educativa.<\/li>\n<\/ul>\n<p style=\"padding-left: 30px;\">Enlace: <a href=\"http:\/\/ods.uca.es\/?page_id=680\" target=\"_blank\">http:\/\/ods.uca.es\/?page_id=680<\/a><\/p>\n<ul>\n<li>F1 in Schools. En F1 in Schools, los estudiantes crean su propio equipo y se ocupan del dise\u00f1o, la construcci\u00f3n y la carrera de los F\u00f3rmula 1 en miniatura m\u00e1s r\u00e1pidos. Los equipos pueden estar formados por distintos paises.<\/li>\n<\/ul>\n<p style=\"padding-left: 30px;\">Enlace: <a href=\"http:\/\/www.f1inschools.com\/\" target=\"_blank\">http:\/\/www.f1inschools.com\/<\/a><\/p>\n<p>Otros enlaces de inter\u00e9s:<\/p>\n<ul>\n<li>Web del proyecto: <a href=\"http:\/\/opendiscoveryspace.eu\/\" target=\"_blank\">http:\/\/opendiscoveryspace.eu\/<\/a><\/li>\n<li>Web del Portal ODS: <a href=\"http:\/\/portal.opendiscoveryspace.eu\" target=\"_blank\">http:\/\/portal.opendiscoveryspace.eu<\/a><\/li>\n<\/ul>\n","protected":false},"excerpt":{"rendered":"<p>1. Nombres de los que vais a presentar la propuesta:\u00a0Jos\u00e9 Miguel Mota Mac\u00edas y Juan Manuel Dodero Beardo. 2. L\u00ednea tem\u00e1tica seleccionada para trabajar: Trabajo colaborativo Evaluaci\u00f3n Orientaci\u00f3n 3. Descripci\u00f3n breve de lo que quer\u00e9is hacer, es decir \u00bfqu\u00e9 vamos a aprender? \u00bfc\u00f3mo? :\u00ad) \u00bfQue es el portal Open Discovery Space? El portal ODS forma [&hellip;]<\/p>\n","protected":false},"author":5,"featured_media":0,"parent":1533,"menu_order":0,"comment_status":"open","ping_status":"open","template":"","meta":{"_et_pb_use_builder":"","_et_pb_old_content":"","_et_gb_content_width":"","footnotes":""},"class_list":["post-1603","page","type-page","status-publish","hentry"],"_links":{"self":[{"href":"https:\/\/www.aulablog.com\/blog\/wp-json\/wp\/v2\/pages\/1603","targetHints":{"allow":["GET"]}}],"collection":[{"href":"https:\/\/www.aulablog.com\/blog\/wp-json\/wp\/v2\/pages"}],"about":[{"href":"https:\/\/www.aulablog.com\/blog\/wp-json\/wp\/v2\/types\/page"}],"author":[{"embeddable":true,"href":"https:\/\/www.aulablog.com\/blog\/wp-json\/wp\/v2\/users\/5"}],"replies":[{"embeddable":true,"href":"https:\/\/www.aulablog.com\/blog\/wp-json\/wp\/v2\/comments?post=1603"}],"version-history":[{"count":1,"href":"https:\/\/www.aulablog.com\/blog\/wp-json\/wp\/v2\/pages\/1603\/revisions"}],"predecessor-version":[{"id":1604,"href":"https:\/\/www.aulablog.com\/blog\/wp-json\/wp\/v2\/pages\/1603\/revisions\/1604"}],"up":[{"embeddable":true,"href":"https:\/\/www.aulablog.com\/blog\/wp-json\/wp\/v2\/pages\/1533"}],"wp:attachment":[{"href":"https:\/\/www.aulablog.com\/blog\/wp-json\/wp\/v2\/media?parent=1603"}],"curies":[{"name":"wp","href":"https:\/\/api.w.org\/{rel}","templated":true}]}}