{"id":1609,"date":"2014-06-13T19:23:51","date_gmt":"2014-06-13T17:23:51","guid":{"rendered":"http:\/\/www.aulablog.com\/blog\/?page_id=1609"},"modified":"2014-06-21T10:46:20","modified_gmt":"2014-06-21T08:46:20","slug":"como-hacer-una-gymkana-y-no-morir-en-el-intento","status":"publish","type":"page","link":"https:\/\/www.aulablog.com\/blog\/ix-encuentro-aulablog14\/programa-aulablog14\/como-hacer-una-gymkana-y-no-morir-en-el-intento\/","title":{"rendered":"C\u00f3mo hacer una gymkana con Desing thinking y no morir en el intento"},"content":{"rendered":"<ul>\n<li><b>Nombres de los que vais a presentar la propuesta: <\/b>Grupo de profesores de Salesianos Atocha: Marta Montero, Marina Gude, Pilar Ballesteros y Charo Fdez<\/li>\n<\/ul>\n<ul>\n<li><b>L\u00ednea tem\u00e1tica seleccionada para trabajar:<\/b><\/li>\n<\/ul>\n<ul>\n<\/ul>\n<ul>\n<li>M-learning<\/li>\n<li>Gammificaci\u00f3n \/GBL<\/li>\n<li>Creatividad<\/li>\n<li>Design thinking<\/li>\n<\/ul>\n<li><b>Descripci\u00f3n breve de lo que quer\u00e9is hacer, es decir \u00a0\u00bfqu\u00e9 vamos a aprender? \u00a0\u00bfc\u00f3mo? <\/b><\/li>\n<p>Introducirnos en las t\u00e9cnicas de Design thinking cuyo objetivo es elaborar una gymkana con dispositivos m\u00f3viles: se trata de usar esta t\u00e9cnica muy efectiva para elaborar una actividad de aula que se puede adaptar f\u00e1cilmente a diferentes niveles y asignaturas.<\/p>\n<ul>\n<li><b>N\u00famero m\u00e1ximo de participantes: <\/b><b>112<\/b><\/li>\n<\/ul>\n<ul>\n<li>Es conveniente que los asistentes lleven dispositivos m\u00f3viles<\/li>\n<\/ul>\n<p>&nbsp;<\/p>\n<ul>\n<li>\u00bfPor qu\u00e9 es interesante vuestra propuesta?<\/li>\n<\/ul>\n<p>Es interesante porque es muy efectiva para trabajar con los chicos en el aula y fuera de ella, incorporando t\u00e9cnicas de trabajo reales en empresa. Adem\u00e1s la incorporaci\u00f3n de los dispositivos m\u00f3viles facilita que la actividad se pueda dise\u00f1ar para una actividad cultural, extraescolar o l\u00fadica en diferentes situaciones, niveles y asignaturas<\/p>\n","protected":false},"excerpt":{"rendered":"<p>Nombres de los que vais a presentar la propuesta: Grupo de profesores de Salesianos Atocha: Marta Montero, Marina Gude, Pilar Ballesteros y Charo Fdez L\u00ednea tem\u00e1tica seleccionada para trabajar: M-learning Gammificaci\u00f3n \/GBL Creatividad Design thinking Descripci\u00f3n breve de lo que quer\u00e9is hacer, es decir \u00a0\u00bfqu\u00e9 vamos a aprender? \u00a0\u00bfc\u00f3mo? Introducirnos en las t\u00e9cnicas de Design [&hellip;]<\/p>\n","protected":false},"author":5,"featured_media":0,"parent":1533,"menu_order":0,"comment_status":"open","ping_status":"open","template":"","meta":{"_et_pb_use_builder":"","_et_pb_old_content":"","_et_gb_content_width":"","footnotes":""},"class_list":["post-1609","page","type-page","status-publish","hentry"],"_links":{"self":[{"href":"https:\/\/www.aulablog.com\/blog\/wp-json\/wp\/v2\/pages\/1609","targetHints":{"allow":["GET"]}}],"collection":[{"href":"https:\/\/www.aulablog.com\/blog\/wp-json\/wp\/v2\/pages"}],"about":[{"href":"https:\/\/www.aulablog.com\/blog\/wp-json\/wp\/v2\/types\/page"}],"author":[{"embeddable":true,"href":"https:\/\/www.aulablog.com\/blog\/wp-json\/wp\/v2\/users\/5"}],"replies":[{"embeddable":true,"href":"https:\/\/www.aulablog.com\/blog\/wp-json\/wp\/v2\/comments?post=1609"}],"version-history":[{"count":3,"href":"https:\/\/www.aulablog.com\/blog\/wp-json\/wp\/v2\/pages\/1609\/revisions"}],"predecessor-version":[{"id":1617,"href":"https:\/\/www.aulablog.com\/blog\/wp-json\/wp\/v2\/pages\/1609\/revisions\/1617"}],"up":[{"embeddable":true,"href":"https:\/\/www.aulablog.com\/blog\/wp-json\/wp\/v2\/pages\/1533"}],"wp:attachment":[{"href":"https:\/\/www.aulablog.com\/blog\/wp-json\/wp\/v2\/media?parent=1609"}],"curies":[{"name":"wp","href":"https:\/\/api.w.org\/{rel}","templated":true}]}}