{"id":2467,"date":"2018-05-25T11:15:36","date_gmt":"2018-05-25T09:15:36","guid":{"rendered":"http:\/\/www.aulablog.com\/blog\/?page_id=2467"},"modified":"2018-05-25T11:15:36","modified_gmt":"2018-05-25T09:15:36","slug":"politica-de-privacidad","status":"publish","type":"page","link":"https:\/\/www.aulablog.com\/blog\/politica-de-privacidad\/","title":{"rendered":"Pol\u00edtica de privacidad"},"content":{"rendered":"<p class=\"p1\"><span class=\"s1\"><b>aulaBLOG.<\/b>\u00a0ha adecuado su p\u00e1gina web a las exigencias de la Ley Org\u00e1nica 15\/1999, de 13 de diciembre, de Protecci\u00f3n de Datos de Car\u00e1cter Personal (LOPD), y al Real Decreto 1720\/2007, de 21 de diciembre, conocido como el Reglamento de desarrollo de la Ley de Protecci\u00f3n de datos.<\/span><\/p>\n<p class=\"p1\"><span class=\"s1\">Asimismo, cumple tambi\u00e9n con el Reglamento (UE) 2016\/679 del Parlamento Europeo y del Consejo de 27 de abril de 2016 relativo a la protecci\u00f3n de las personas f\u00edsicas (RGPD), as\u00ed como con la Ley 34\/2002, de 11 de julio, de Servicios de la Sociedad de la Informaci\u00f3n y Comercio Electr\u00f3nico.<\/span><\/p>\n<p class=\"p2\"><span class=\"s1\">En nuestra pol\u00edtica de privacidad y aviso legal se establece la forma en que se van a gestionar los datos personales obtenidos a trav\u00e9s de nuestra p\u00e1gina web,\u00a0<b>\u00a1por ello necesitamos que leas atentamente la siguientes informaci\u00f3n y aceptes las condiciones para continuar navegando!<\/b><\/span><\/p>\n<p class=\"p4\"><span class=\"s1\"><b>Responsable del tratamiento de tus datos personales<\/b><\/span><\/p>\n<ul class=\"ul1\">\n<li class=\"li5\"><span class=\"s3\"><b>Identidad del Responsable:<\/b>\u00a0Asociaci\u00f3n aulaBLOG.\u00a0<\/span><\/li>\n<li class=\"li5\"><span class=\"s3\"><b>N.I.F. G85442994,<\/b><\/span><\/li>\n<li class=\"li5\"><span class=\"s3\"><b> inscrita en el Registro Nacional de Asociaciones con el n\u00famero nacional 590255 <\/b>desde el 13 de marzo de 2008<\/span><\/li>\n<li class=\"li5\"><span class=\"s3\"><b>Direcci\u00f3n: <\/b>Paseo de las Delicias 48 5\u00baA (28045) Madrid<\/span><\/li>\n<li class=\"li5\"><span class=\"s3\"><b>Correo electr\u00f3nico:<\/b>\u00a0info@aulablog.com<\/span><\/li>\n<li class=\"li5\"><span class=\"s3\"><b>Actividad:<\/b>\u00a0Asociaci\u00f3n de docentes sin \u00e1nimo de lucro.\u00a0<\/span><\/li>\n<li class=\"li5\"><strong>Almacenamiento de sus datos y servidores web: <\/strong>GSuite<\/li>\n<\/ul>\n<p class=\"p4\"><span class=\"s1\"><b>\u00bfC\u00f3mo hemos obtenido tus datos?<\/b><\/span><\/p>\n<p class=\"p7\"><span class=\"s1\">Los datos personales que tratamos en aulaBLOG proceden de:<\/span><\/p>\n<ul class=\"ul1\">\n<li class=\"li8\"><span class=\"s3\">Formulario de socios<\/span><\/li>\n<li class=\"li8\"><span class=\"s3\">Formulario de inscripci\u00f3n a los encuentros o eventos.<\/span><\/li>\n<li class=\"li8\"><span class=\"s3\">Comentarios en el Blog.<\/span><\/li>\n<\/ul>\n<p class=\"p4\"><span class=\"s1\"><b>\u00bfCon que finalidad se solicitan tus datos?<\/b><\/span><\/p>\n<p class=\"p9\"><span class=\"s1\">A todo usuario que decide registrarse en nuestra p\u00e1gina web, a trav\u00e9s de cualquier de los formularios anteriormente rese\u00f1ados, se le solicitan los datos necesarios para los fines a los que est\u00e1 destinado el sitio web, que no es otro que ofrecer, comunicar y promocionar los eventos y actividades realizadas por los integrantes de la asociaci\u00f3n aulaBLOG<\/span><\/p>\n<p class=\"p9\"><span class=\"s1\">Estos datos son, entre otros: nombre y apellidos, tel\u00e9fono, correo electr\u00f3nico. No obstante, no recopilamos m\u00e1s informaci\u00f3n de la que necesitamos.<\/span><\/p>\n<p class=\"p9\"><span class=\"s1\">Los datos personales ser\u00e1n recabados con el expreso consentimiento de nuestros usuarios, debiendo aceptar nuestra Pol\u00edtica de Privacidad, de\u00a0Cookies<\/span><\/p>\n<p class=\"p11\"><span class=\"s1\"><b>Destinatarios de los datos personales<\/b><\/span><\/p>\n<p class=\"p9\"><span class=\"s1\">Sus datos personales son confidenciales y no se ceder\u00e1n a terceros, salvo que se requiere para gestiones de los eventos concretos\u00a0 o que exista obligaci\u00f3n legal.<\/span><\/p>\n<p class=\"p9\"><span class=\"s1\">No obstante lo anterior, aulaBLOG informa que para la gesti\u00f3n de algunas de las funciones de nuestra p\u00e1gina web, tenemos contratados servicios de terceras empresas que pueden tener acceso a sus datos personales, las cuales est\u00e1n obligadas legalmente a mantener la confidencialidad y secreto de la informaci\u00f3n, estando sujetas tambi\u00e9n a una estricta pol\u00edtica de privacidad.<\/span><\/p>\n<h4>Registro de visitas<\/h4>\n<p>aulaBLOG comunica a los usuarios de aulablog.com que la direcci\u00f3n IP con la que accede al servidor de aulaBLOG, la fecha y hora del acceso, as\u00ed como las p\u00e1ginas que visite que est\u00e9n alojadas en este servidor, quedar\u00e1n recogidas y almacenadas en un archivo LOG que ser\u00e1 objeto de tratamiento por parte de aulaBLOG. a los efectos de contabilizar las visitas que recibe aulablog.com as\u00ed como para la realizaci\u00f3n de estad\u00edsticas.<\/p>\n<h4>Registro de socios y\/o asistentes a eventos<\/h4>\n<p>Los datos personales de los usuarios solicitados en el registro de socios y\/o asistentes a los eventos organizados a trav\u00e9s de la p\u00e1gina aulablog.com son objeto de tratamiento automatizado y se incorporan a un fichero de datos de car\u00e1cter personal responsabilidad de aulaBLOG.<\/p>\n<p>Dichos datos han de ser verdaderos, exactos, completos y actualizados, siendo el usuario el \u00fanico responsable de cualquier da\u00f1o o perjuicio, directo o indirecto, que pudiera ocasionar a aulaBLOG. o a cualquier tercero a causa de la falsedad, inexactitud, insuficiencia o no actualizaci\u00f3n de los mismos.<\/p>\n<p>En caso de que el usuario sea menor de edad, se advierte que ha de obtener la autorizaci\u00f3n previa del mayor a cuyo cargo se encuentre para facilitar los datos personales que se soliciten. aulaBLOG se exime de cualquier tipo de responsabilidad por el incumplimiento de este requisito.<\/p>\n<p>La finalidad de la recogida y del tratamiento de los datos personales solicitados en aulaBLOG.com. es:<\/p>\n<ol>\n<li>la identificaci\u00f3n del usuario con el prop\u00f3sito de una atenci\u00f3n m\u00e1s personalizada;<\/li>\n<li>el env\u00edo de informaci\u00f3n t\u00e9cnica, organizativa e informativa sobre aulaBLOG y los eventos que se organizan<\/li>\n<\/ol>\n<p>El titular de los datos tendr\u00e1 en todo momento el derecho de acceder a los ficheros automatizados, pudiendo ejercitar los derechos de rectificaci\u00f3n, cancelaci\u00f3n y oposici\u00f3n en los t\u00e9rminos recogidos en la legislaci\u00f3n de protecci\u00f3n de datos. A tal fin, aulaBLOG. ha habilitado unos procesos sencillos y gratuitos que est\u00e1n a disposici\u00f3n del usuario.<br \/>\nLos datos personales facilitados a aulaBLOG. no ser\u00e1n cedidos a terceros sin autorizaci\u00f3n previa por parte del titular de los mismos, salvo en aquellos casos previstos expresamente por la ley, y siempre que se cumplan los requisitos establecidos en la misma.<\/p>\n<p>En cualquier caso, el consentimiento del usuario para el tratamiento y cesi\u00f3n de sus datos personales ser\u00e1 revocable en todo momento, bastando para ello una comunicaci\u00f3n escrita al responsable del fichero en el domicilio de aulaBLOG.. Dicha comunicaci\u00f3n deber\u00e1 realizarse mediante la remisi\u00f3n por conducto fehaciente de una carta firmada por el titular de los datos, con indicaci\u00f3n de su domicilio adjuntando copia de su Documento Nacional de Identidad u otro documento acreditativo.<\/p>\n<p class=\"p11\"><span class=\"s1\"><b>\u00bfPor cu\u00e1nto tiempo se conservaran tus datos personales?<\/b><\/span><\/p>\n<p class=\"p9\"><span class=\"s1\">Los datos personales se conservar\u00e1n en todo caso mientras se mantenga la relaci\u00f3n mercantil y tras la misma, hasta que el interesado no solicite la supresi\u00f3n de los mismos de su base de datos o se d\u00e9 de baja.<\/span><\/p>\n<p class=\"p9\"><span class=\"s1\">En todo caso, los datos personales deber\u00e1n eliminarse al cabo de 20 a\u00f1os de la finalizaci\u00f3n de la relaci\u00f3n contractual, salvo que el usuario consienta que se mantengan sus datos personales a los efectos de seguir recibiendo informaci\u00f3n de los servicios ofrecidos y de la actualidad.\u00a0<\/span><\/p>\n<p class=\"p11\"><span class=\"s1\"><b>Consentimiento del Usuario<\/b><\/span><\/p>\n<p class=\"p9\"><span class=\"s1\">La base legal para el tratamiento de los datos personales de nuestros usuarios es el\u00a0<b>consentimiento expl\u00edcito e inequ\u00edvoco.<\/b><\/span><\/p>\n<p class=\"p9\"><span class=\"s1\">El usuario manifiesta haber le\u00eddo y aceptado expresamente la presente Pol\u00edtica de Privacidad, al marcar la casilla expresa a tal efecto, habilitada en cada uno de nuestros formularios de contacto.<\/span><\/p>\n<p class=\"p11\"><span class=\"s1\"><b>Posibilidad del ejercicio de los derechos de acceso, rectificaci\u00f3n, cancelaci\u00f3n y oposici\u00f3n<\/b><\/span><\/p>\n<p class=\"p12\"><span class=\"s1\">Todos aquellos usuarios que faciliten sus datos a trav\u00e9s del sitio web en cualquier momento podr\u00e1n retirar su consentimiento, as\u00ed como podr\u00e1n ejercer cualquier de los derechos que prev\u00e9 la normativa de Protecci\u00f3n de datos tales como:<\/span><\/p>\n<ul class=\"ul1\">\n<li class=\"li13\"><span class=\"s3\">Los derechos\u00a0<b>ARCO: derechos de acceso, rectificaci\u00f3n, cancelaci\u00f3n u oposici\u00f3n de sus datos<\/b>, sin oposici\u00f3n alguna.<\/span><\/li>\n<li class=\"li13\"><span class=\"s3\">Derecho a solicitar la limitaci\u00f3n de su tratamiento en determinadas circunstancias.<\/span><\/li>\n<li class=\"li13\"><span class=\"s3\">Derecho de supresi\u00f3n,<\/span><\/li>\n<li class=\"li13\"><span class=\"s3\">Derecho a solicitar la portabilidad de los datos en los casos previstos en la normativa.<\/span><\/li>\n<li class=\"li13\"><span class=\"s3\">Y, los otros derechos, reconocidos en la normativa de Protecci\u00f3n de datos.<\/span><\/li>\n<\/ul>\n<p class=\"p12\"><span class=\"s1\">Cualquier persona puede retirar su consentimiento en cualquier momento, cuando el mismo se haya otorgado para el tratamiento de sus datos, as\u00ed como el\u00a0<b>derecho a revocar el consentimiento prestado<\/b>.<\/span><\/p>\n<p class=\"p12\"><span class=\"s1\">Los derechos mencionados podr\u00e1n ser ejercitados\u00a0a trav\u00e9s de correo electr\u00f3nico a\u00a0<a href=\"mailto:info@aefol.com\">info@aulaBLOG.com<\/a>, mediante una solicitud que deber\u00e1 contener el Nombre y apellidos del interesado, especificando el derecho que quiere ejercer as\u00ed como una fotocopia del documento nacional de Identidad o n\u00famero de Identidad de Extranjero o cualquier otro documento que permita identificarlo a los efectos de comprobar que la persona que realiza la solicitud es quien dice ser.<\/span><\/p>\n<p class=\"p12\"><span class=\"s1\">El interesado que proceda a ejercitar sus derechos de acceso, rectificaci\u00f3n, cancelaci\u00f3n y oposici\u00f3n deber\u00e1 utilizar cualquier medio que permita acreditar el env\u00edo y la recepci\u00f3n de la solicitud.<\/span><\/p>\n<p class=\"p12\"><span class=\"s1\">Finalmente, los usuarios tienen derecho a presentar una reclamaci\u00f3n ante la autoridad nacional de control, teniendo que dirigirse a la Agencia Espa\u00f1ola de Protecci\u00f3n de datos, con domicilio en 28001 Madrid, en calle Jorge Juan, n\u00famero 6.<\/span><\/p>\n","protected":false},"excerpt":{"rendered":"<p>aulaBLOG.\u00a0ha adecuado su p\u00e1gina web a las exigencias de la Ley Org\u00e1nica 15\/1999, de 13 de diciembre, de Protecci\u00f3n de Datos de Car\u00e1cter Personal (LOPD), y al Real Decreto 1720\/2007, de 21 de diciembre, conocido como el Reglamento de desarrollo de la Ley de Protecci\u00f3n de datos. Asimismo, cumple tambi\u00e9n con el Reglamento (UE) 2016\/679 [&hellip;]<\/p>\n","protected":false},"author":51,"featured_media":0,"parent":0,"menu_order":0,"comment_status":"closed","ping_status":"closed","template":"","meta":{"_et_pb_use_builder":"","_et_pb_old_content":"","_et_gb_content_width":"","footnotes":""},"class_list":["post-2467","page","type-page","status-publish","hentry"],"_links":{"self":[{"href":"https:\/\/www.aulablog.com\/blog\/wp-json\/wp\/v2\/pages\/2467","targetHints":{"allow":["GET"]}}],"collection":[{"href":"https:\/\/www.aulablog.com\/blog\/wp-json\/wp\/v2\/pages"}],"about":[{"href":"https:\/\/www.aulablog.com\/blog\/wp-json\/wp\/v2\/types\/page"}],"author":[{"embeddable":true,"href":"https:\/\/www.aulablog.com\/blog\/wp-json\/wp\/v2\/users\/51"}],"replies":[{"embeddable":true,"href":"https:\/\/www.aulablog.com\/blog\/wp-json\/wp\/v2\/comments?post=2467"}],"version-history":[{"count":1,"href":"https:\/\/www.aulablog.com\/blog\/wp-json\/wp\/v2\/pages\/2467\/revisions"}],"predecessor-version":[{"id":2468,"href":"https:\/\/www.aulablog.com\/blog\/wp-json\/wp\/v2\/pages\/2467\/revisions\/2468"}],"wp:attachment":[{"href":"https:\/\/www.aulablog.com\/blog\/wp-json\/wp\/v2\/media?parent=2467"}],"curies":[{"name":"wp","href":"https:\/\/api.w.org\/{rel}","templated":true}]}}